{"id":2285,"date":"2019-06-05T17:19:25","date_gmt":"2019-06-05T17:19:25","guid":{"rendered":"https:\/\/www.charlybrown.it\/?page_id=2285"},"modified":"2019-06-22T19:14:15","modified_gmt":"2019-06-22T19:14:15","slug":"hacker-pshorr-gold","status":"publish","type":"page","link":"https:\/\/www.charlybrown.it\/?page_id=2285","title":{"rendered":"Hacker Pshorr Gold"},"content":{"rendered":"<section class=\"wpb-content-wrapper\">[vc_row equal_height=&#8221;yes&#8221;][vc_column width=&#8221;7\/12&#8243;]<div class='cws_textmodule cws_vc_shortcode_module' id='cws_textmodule_69fc8606bcf68'><div class='cws_textmodule_wrapper'><div class='cws_textmodule_text text_align_left'><div class='cws_textmodule_titles'><\/div><div class='cws_textmodule_content'><div class='text_content_wrapper'><p style=\"text-align: justify;\">Dal gusto molto simile alla nostra M\u00fcnchner Hell, la \u201cGold\u201d viene particolarmente apprezzata per il suo mosto primitivo pi\u00f9 corposo e le sue note aromatiche al malto. Si presenta con un sapore pieno e tuttavia delicato, al quale si abbinano note che sviluppano un gusto gradevolmente amaro e che sfocia in un ricco bouquet aromatico.<br \/>\nGradi alcolici 6,0% vol.<\/p>\n<p style=\"text-align: center;\"><strong>CURIOSITA&#8217;<\/strong><\/p>\n<p style=\"text-align: justify;\">Le origini del birrificio Hacker-Pschorr risalgono all&#8217;anno 1417 quando il birrificio Hacker \u00e8 stato fondato a Monaco, in Germania, 99 anni prima della promulgazione della legge Reinheitsgebot del 1516 (legge che si occupa della regolamentazione della birra in Germania). Alla fine del XVIII secolo, un certo Joseph Pschorr ha comperato il birrificio Hacker, che apparteneva all&#8217;epoca a suo suocero. Pi\u00f9 tardi ha fondato un birrificio con il suo nome. Successivamente, i suoi due figli hanno allora ereditato ciascuno uno dei due birrifici. Nel 1972, Hacker e Pschorr si fusero per formare la Hacker-Pschorr, ma le birre vennero vendute sempre come marchi distinti fino al 1975. Il metodo di fermentazione \u00e8 rimasto praticamente invariato per oltre 580 anni.<br \/>\nLa Hacker-Pschorr fa parte, con le fabbriche della Spaten, la Paulaner, la Augustiner, la Hofbr\u00e4u e la L\u00f6wenbr\u00e4u, dei 6 fabbricanti di birra ufficiali dell&#8217;Oktoberfest (la festa della birra di Monaco).<\/p>\n<\/div><\/div><\/div><\/div><\/div><div class=\"cws_spacing cws_spacing_size_sm_desctop-on cws_spacing_tablet-on cws_spacing_mobile-on\"><div class=\"cws_spacing cws_spacing_default\" style=\"height:0px;\"><\/div> <div class=\"cws_spacing cws_spacing_size_sm_desctop\" style=\"height:0px;\"><\/div> <div class=\"cws_spacing cws_spacing_tablet\" style=\"height:0px;\"><\/div> <div class=\"cws_spacing cws_spacing_mobile\" style=\"height:20px;\"><\/div><\/div>[\/vc_column][vc_column width=&#8221;5\/12&#8243; bg_cws_repeat=&#8221;no-repeat&#8221; bg_cws_size=&#8221;cover&#8221; bg_image_position=&#8221;center_center&#8221; cws_mobile_paddings=&#8221;300px 0px 0px 0px&#8221;][vc_column_text]\n<p class=\"add_border\"><img decoding=\"async\" class=\"wp-image-1864 size-full aligncenter lazyload\" src=\"data:image\/gif;base64,R0lGODlhAQABAIAAAAAAAP\/\/\/yH5BAEAAAAALAAAAAABAAEAAAIBRAA7\" data-src=\"https:\/\/www.charlybrown.it\/wp-content\/uploads\/2019\/06\/Hacker-Pschorr.jpg\" alt=\"\" width=\"1400\" height=\"924\" \/><noscript><img decoding=\"async\" class=\"wp-image-1864 size-full aligncenter lazyload\" src=\"https:\/\/www.charlybrown.it\/wp-content\/uploads\/2019\/06\/Hacker-Pschorr.jpg\" alt=\"\" width=\"1400\" height=\"924\" \/><\/noscript><\/p>\n[\/vc_column_text]<div class=\"cws_spacing cws_spacing_size_sm_desctop-on cws_spacing_tablet-on cws_spacing_mobile-on\"><div class=\"cws_spacing cws_spacing_default\" style=\"height:130px;\"><\/div> <div class=\"cws_spacing cws_spacing_size_sm_desctop\" style=\"height:130px;\"><\/div> <div class=\"cws_spacing cws_spacing_tablet\" style=\"height:70px;\"><\/div> <div class=\"cws_spacing cws_spacing_mobile\" style=\"height:30px;\"><\/div><\/div>[\/vc_column][\/vc_row]\n<\/section>","protected":false},"excerpt":{"rendered":"<p>[vc_row equal_height=&#8221;yes&#8221;][vc_column width=&#8221;7\/12&#8243;][\/vc_column][vc_column width=&#8221;5\/12&#8243; bg_cws_repeat=&#8221;no-repeat&#8221; bg_cws_size=&#8221;cover&#8221; bg_image_position=&#8221;center_center&#8221; cws_mobile_paddings=&#8221;300px 0px 0px 0px&#8221;][vc_column_text] [\/vc_column_text][\/vc_column][\/vc_row]<\/p>\n","protected":false},"author":1,"featured_media":0,"parent":0,"menu_order":0,"comment_status":"closed","ping_status":"closed","template":"","meta":{"_monsterinsights_skip_tracking":false,"_monsterinsights_sitenote_active":false,"_monsterinsights_sitenote_note":"","_monsterinsights_sitenote_category":0},"_links":{"self":[{"href":"https:\/\/www.charlybrown.it\/index.php?rest_route=\/wp\/v2\/pages\/2285"}],"collection":[{"href":"https:\/\/www.charlybrown.it\/index.php?rest_route=\/wp\/v2\/pages"}],"about":[{"href":"https:\/\/www.charlybrown.it\/index.php?rest_route=\/wp\/v2\/types\/page"}],"author":[{"embeddable":true,"href":"https:\/\/www.charlybrown.it\/index.php?rest_route=\/wp\/v2\/users\/1"}],"replies":[{"embeddable":true,"href":"https:\/\/www.charlybrown.it\/index.php?rest_route=%2Fwp%2Fv2%2Fcomments&post=2285"}],"version-history":[{"count":5,"href":"https:\/\/www.charlybrown.it\/index.php?rest_route=\/wp\/v2\/pages\/2285\/revisions"}],"predecessor-version":[{"id":2306,"href":"https:\/\/www.charlybrown.it\/index.php?rest_route=\/wp\/v2\/pages\/2285\/revisions\/2306"}],"wp:attachment":[{"href":"https:\/\/www.charlybrown.it\/index.php?rest_route=%2Fwp%2Fv2%2Fmedia&parent=2285"}],"curies":[{"name":"wp","href":"https:\/\/api.w.org\/{rel}","templated":true}]}}