{"id":2288,"date":"2019-06-16T14:43:03","date_gmt":"2019-06-16T14:43:03","guid":{"rendered":"https:\/\/www.charlybrown.it\/?page_id=2288"},"modified":"2019-06-22T19:04:54","modified_gmt":"2019-06-22T19:04:54","slug":"about-us-2","status":"publish","type":"page","link":"https:\/\/www.charlybrown.it\/?page_id=2288","title":{"rendered":"FAQ"},"content":{"rendered":"<section class=\"wpb-content-wrapper\">[vc_row full_width=&#8221;stretch_row&#8221;][vc_column]<div class=\"cws_spacing cws_spacing_size_sm_desctop-on cws_spacing_tablet-on cws_spacing_mobile-on\"><div class=\"cws_spacing cws_spacing_default\" style=\"height:80px;\"><\/div> <div class=\"cws_spacing cws_spacing_size_sm_desctop\" style=\"height:80px;\"><\/div> <div class=\"cws_spacing cws_spacing_tablet\" style=\"height:50px;\"><\/div> <div class=\"cws_spacing cws_spacing_mobile\" style=\"height:50px;\"><\/div><\/div><div class='cws_textmodule cws_vc_shortcode_module' id='cws_textmodule_69ddfada73ebd'><div class='cws_textmodule_wrapper'><div class='cws_textmodule_text text_align_center'><div class='cws_textmodule_titles'><div class='cws_textmodule_subtitle_wrapper with_decor'><span class='subtitle-dots left'><\/span><span class='subtitile_left_line'><\/span><h4 class='cws_textmodule_subtitle'>DOMANDE FREQUENTI<\/h4><span class='subtitile_right_line'><\/span><span class='subtitle-dots right'><\/span><\/div><h3 class='cws_textmodule_title large'>FAQ<\/h3><\/div><\/div><\/div><\/div>[\/vc_column][\/vc_row][vc_row equal_height=&#8221;yes&#8221;][vc_column]<div class='cws_textmodule cws_vc_shortcode_module' id='cws_textmodule_69ddfada742c1'><div class='cws_textmodule_wrapper'><div class='cws_textmodule_text text_align_left'><div class='cws_textmodule_titles'><\/div><div class='cws_textmodule_content'><div class='text_content_wrapper'><p><strong>Come faccio ad ottenere la carta fedelt\u00e0?<\/strong><br \/>\nPuoi richiedere la Charly Brown Fidelity Card presso il Charly Brown Pub. Per ottenerla dovrai compilare l&#8217;apposito modulo con i tuoi dati anagrafici. La card \u00e8 gratuita e subito attiva.<\/p>\n<p><strong>Dove posso trovare copia del regolamento di utilizzo della carta fedelt\u00e0?<\/strong><br \/>\nPuoi trovare copia del regolamento di utilizzo della Charly Brown Fidelity Card presso il Charly Brown Pub e su questo sito alla sezione Fidelity Card.<\/p>\n<p><strong>Come faccio ad accumulare punti?<\/strong><br \/>\nPer accumulare punti \u00e8 necessario consegnare la propria Charly Brown Fidelity Card\u00a0all&#8217;operatore in cassa prima del pagamento. I punti che avevi accumulato nel precedente programma fedelt\u00e0 e che non avevi ancora utilizzato restano nella tua disponibilit\u00e0 nella nuova operazione.<\/p>\n<p><strong>Quanti punti si accumulano?<\/strong><br \/>\nRiceverai 10 punti elettronici per ogni euro speso (es. spesa di 6 euro = 60 punti, 15 euro = 150 punti, ecc..). Il meccanismo di attribuzione dei punti si applica alla quota intera dell&#8217;importo speso (es. spesa di 3,50 euro = 30 punti, 20,90 euro = 200 punti, ecc..).<\/p>\n<p><strong>Fino a quando \u00e8 possibile continuare ad accumulare punti?<\/strong><br \/>\nFino alla scadenza della \u0092operazione a premio cio\u00e8 fino al 31\/12\/2018, salvo proroghe.<\/p>\n<p><strong>Come faccio a richiedere un premio?<\/strong><br \/>\nPer richiedere un premio \u00e8 necessario fornire la Charly Brown Fidelity Card\u00a0all&#8217;operatore di cassa prima del pagamento. Se \u00e8 presente un premio, l&#8217;operatore ti chieder\u00e0 se \u00e8 tua intenzione redimerlo o accumularlo.<\/p>\n<p><strong>Cosa devo fare per convertire i miei punti in Coupon?<\/strong><br \/>\nUna volta raggiunta la soglia premio, potrai convertire i tuoi punti in un Coupon.<br \/>\nI Coupon potranno essere richiesti:<\/p>\n<p><strong>I Coupon\u00a0hanno limitazioni?<\/strong><br \/>\nI Buoni NON sono CUMULABILI, sono SPENDIBILI sull&#8217;acquisto SUCCESSIVO e NON possono essere utilizzati su prodotti o combinazioni di prodotti IN PROMOZIONE.<br \/>\nInoltre, non possono essere convertiti in denaro e non danno diritto a resto, pertanto sono spendibili solo su consumazioni di valore pari o maggiore rispetto a quello del Buono\u00a0stesso. (esempio: Il Buono da \u20ac 20 \u00e8 spendibile su uno scontrino di almeno \u20ac 20).<\/p>\n<p><strong>Fino a quando \u00e8 possibile richiedere gli sconti premio?<\/strong><br \/>\nFino ad un mese dopo la scadenza dell\u0092&#8217;operazione a premio cio\u00e8 fino al 31\/01\/2020, salvo proroghe.<\/p>\n<p><strong>Come posso aggiornare i miei dati anagrafici e\/o di contatto (indirizzo email, numero di cellulare)?<\/strong><br \/>\nPuoi farlo all&#8217;indirizzo email charlybrownpub@gmail.com<\/p>\n<p><strong>Che utilizzo viene fatto dei miei dati personali?<\/strong><br \/>\nL&#8217;utilizzo dei dati personali dipende dal tipo di consenso dato al momento dell&#8217;adesione. Se hai acconsentito al punto B, i tuoi dati personali possono essere utilizzati per attivit\u00e0 di &#8220;profilazione&#8221; della clientela, per migliorare l&#8217;offerta dei prodotti e dei servizi di Charly Brown Pub S.a.s.\u00a0Se hai acconsentito al punto C, i tuoi dati personali possono essere utilizzati per attivit\u00e0 di &#8220;marketing&#8221; diretto tramite l&#8217;invio di materiale pubblicitario\/promozionale mediante posta ordinaria, e-mail e sms\/mms. Se non hai acconsentito n\u00e9 al punto B n\u00e9 al punto C, i tuoi dati personali possono essere utilizzati solo per attivit\u00e0 legate al rilascio, alla gestione e all&#8217;attribuzione dei vantaggi connessi all&#8217;utilizzo della\u00a0Charly Brown Fidelity Card<\/p>\n<p><strong>Come posso fare per non ricevere pi\u00f9 materiale promozionale?<\/strong><br \/>\nPuoi farlo in ogni momento scrivendo a charlybrownpub@gmail.com \u00a0In questo modo non riceverai pi\u00f9 le comunicazioni promozionali, ma continuerai ad essere iscritto al programma e a beneficiare degli sconti.<\/p>\n<p><strong>Posso disiscrivermi dal programma?<\/strong><br \/>\nSi, puoi farlo in ogni momento scrivendo una raccomandata a Charly Brown Pub S.a.s , Via Cornio, 4\/a &#8211; 30030 Vigonovo (Ve). La lettera dovr\u00e0 contenere la tessera fedelt\u00e0 e la seguente dichiarazione firmata: &#8220;Io sottoscritto\/a NOME COGNOME chiedo di essere rimosso\/a dall&#8217;operazione a premio &#8220;Charly Brown Fidelity Card&#8221;. La disiscrizione determina la cancellazione di tutti i dati anagrafici e di profilazione. In questo modo non potrai pi\u00f9 beneficiare dei vantaggi riservati agli iscritti.<\/p>\n<p><strong>Cosa devo fare se ho smarrito la card?<\/strong><br \/>\nSe hai smarrito la card puoi recarti al Charly Brown Pub e compilare il Modulo Richiesta Sostituzione Card con tutti i tuoi dati. Nello stesso momento ti verr\u00e0 consegnata una nuova card, gi\u00e0 funzionante al costo di 1 \u20ac. In questo modo potremo provvedere alla sostituzione tra la vecchia card che hai smarrito e la nuova card che ti \u00e8 stata fornita, e caricare tutti i punti che avevi accumulato con la vecchia card sulla nuova.<\/p>\n<\/div><\/div><\/div><\/div><\/div><div class=\"cws_spacing cws_spacing_size_sm_desctop-on cws_spacing_tablet-on cws_spacing_mobile-on\"><div class=\"cws_spacing cws_spacing_default\" style=\"height:0px;\"><\/div> <div class=\"cws_spacing cws_spacing_size_sm_desctop\" style=\"height:0px;\"><\/div> <div class=\"cws_spacing cws_spacing_tablet\" style=\"height:0px;\"><\/div> <div class=\"cws_spacing cws_spacing_mobile\" style=\"height:20px;\"><\/div><\/div>[\/vc_column][\/vc_row]\n<\/section>","protected":false},"excerpt":{"rendered":"<p>[vc_row full_width=&#8221;stretch_row&#8221;][vc_column][\/vc_column][\/vc_row][vc_row equal_height=&#8221;yes&#8221;][vc_column][\/vc_column][\/vc_row]<\/p>\n","protected":false},"author":1,"featured_media":0,"parent":0,"menu_order":0,"comment_status":"closed","ping_status":"closed","template":"","meta":{"_monsterinsights_skip_tracking":false,"_monsterinsights_sitenote_active":false,"_monsterinsights_sitenote_note":"","_monsterinsights_sitenote_category":0},"_links":{"self":[{"href":"https:\/\/www.charlybrown.it\/index.php?rest_route=\/wp\/v2\/pages\/2288"}],"collection":[{"href":"https:\/\/www.charlybrown.it\/index.php?rest_route=\/wp\/v2\/pages"}],"about":[{"href":"https:\/\/www.charlybrown.it\/index.php?rest_route=\/wp\/v2\/types\/page"}],"author":[{"embeddable":true,"href":"https:\/\/www.charlybrown.it\/index.php?rest_route=\/wp\/v2\/users\/1"}],"replies":[{"embeddable":true,"href":"https:\/\/www.charlybrown.it\/index.php?rest_route=%2Fwp%2Fv2%2Fcomments&post=2288"}],"version-history":[{"count":4,"href":"https:\/\/www.charlybrown.it\/index.php?rest_route=\/wp\/v2\/pages\/2288\/revisions"}],"predecessor-version":[{"id":2456,"href":"https:\/\/www.charlybrown.it\/index.php?rest_route=\/wp\/v2\/pages\/2288\/revisions\/2456"}],"wp:attachment":[{"href":"https:\/\/www.charlybrown.it\/index.php?rest_route=%2Fwp%2Fv2%2Fmedia&parent=2288"}],"curies":[{"name":"wp","href":"https:\/\/api.w.org\/{rel}","templated":true}]}}