{"id":2320,"date":"2019-06-08T14:15:06","date_gmt":"2019-06-08T14:15:06","guid":{"rendered":"https:\/\/www.charlybrown.it\/?page_id=2320"},"modified":"2019-06-22T19:13:37","modified_gmt":"2019-06-22T19:13:37","slug":"grimbergen-blanche","status":"publish","type":"page","link":"https:\/\/www.charlybrown.it\/?page_id=2320","title":{"rendered":"Grimbergen Blanche"},"content":{"rendered":"<section class=\"wpb-content-wrapper\">[vc_row equal_height=&#8221;yes&#8221;][vc_column width=&#8221;7\/12&#8243;]<div class='cws_textmodule cws_vc_shortcode_module' id='cws_textmodule_69f896788db12'><div class='cws_textmodule_wrapper'><div class='cws_textmodule_text text_align_left'><div class='cws_textmodule_titles'><\/div><div class='cws_textmodule_content'><div class='text_content_wrapper'><p style=\"text-align: justify;\">Fresca e bilanciata, Grimbergen Blanche si riconosce dal suo aspetto velato color giallo paglierino e una piacevole schiuma bianca. All&#8217;olfatto, si possono apprezzare aromi fruttati, di agrumi, chiodi di garofano e coriandolo uniti a note di cereali e vaniglia.<\/p>\n<p style=\"text-align: justify;\">Al gusto, questa rinfrescante birra sviluppa a pieno il carattere fruttato e agrumato che ricordano quelli del bergamotto.<\/p>\n<p style=\"text-align: justify;\">Gradi alcolici 6,0% vol.<\/p>\n<p style=\"text-align: center;\"><strong>CURIOSITA&#8217;<\/strong><\/p>\n<p style=\"text-align: justify;\">Nata come birra d\u2019abbazia nel XII secolo, la Grimbergen viene oggi prodotta a livello industriale dal gruppo Alken-Maes ma non per questo ha perso in qualit\u00e0, e nemmeno in fascino. Esistono diverse tipologie di Grimbergen, tutte da scoprire, ideali sia per chi cerca una bevanda leggera e rinfrescante sia per i cultori della birra che amano le specialit\u00e0 da degustazione ad alta gradazione alcolica.<\/p>\n<p style=\"text-align: justify;\">Situata pochi chilometri a nord di Bruxelles, la cittadina di Grimbergen ospita l\u2019omonima abbazia che venne fondata nel 1128 da San Norberto di Xanten e nella quale i monaci premonstratensi (norbertini) iniziarono a produrre birra in epoche medievali. La sua storia fu piuttosto travagliata, dal momento che pi\u00f9 volte il complesso monastico venne distrutto e ricostruito; tuttavia la produzione birraria fu sempre tramandata da una generazione di monaci a quella successiva. Un duro colpo venne per\u00f2 inferto dalla secolarizzazione che segu\u00ec alla Rivoluzione francese, quando in seguito alla chiusura dei monasteri la birrificazione cess\u00f2 del tutto.<\/p>\n<p style=\"text-align: justify;\">Dopo essersi ristabiliti definitivamente a Grimbergen, i monaci si appoggiarono nel \u2018900 ad aziende esterne per la produzione di birra, esattamente come accadde ad altre celebri birre d\u2019abbazia (Bonne Esp\u00e9rance, Tongerlo, Leffe\u2026) il cui marchio venne ceduto a grandi gruppi del settore. Prima di essere acquisita definitivamente dal gruppo Alken-Maes nel 2008, la Grimbergen veniva prodotta dalla Scottish &amp; Newcastle PLC.<\/p>\n<p style=\"text-align: justify;\">Una curiosit\u00e0: su ogni bottiglia di birra Grimbergen si pu\u00f2 notare, disegnata in etichetta, una fenice corredata dell\u2019espressione latina \u201cArdet nec Consumitur\u201d, che significa \u201cBrucia ma non si consuma\u201d. Emblema e motto stanno a simboleggiare la tenacit\u00e0 dei monaci che continuarono a ricostruire la loro abbazia in seguito a ogni distruzione avvenuta nel corso della storia.<\/p>\n<\/div><\/div><\/div><\/div><\/div><div class=\"cws_spacing cws_spacing_size_sm_desctop-on cws_spacing_tablet-on cws_spacing_mobile-on\"><div class=\"cws_spacing cws_spacing_default\" style=\"height:0px;\"><\/div> <div class=\"cws_spacing cws_spacing_size_sm_desctop\" style=\"height:0px;\"><\/div> <div class=\"cws_spacing cws_spacing_tablet\" style=\"height:0px;\"><\/div> <div class=\"cws_spacing cws_spacing_mobile\" style=\"height:20px;\"><\/div><\/div>[\/vc_column][vc_column width=&#8221;5\/12&#8243; bg_cws_repeat=&#8221;no-repeat&#8221; bg_cws_size=&#8221;cover&#8221; bg_image_position=&#8221;center_center&#8221; cws_mobile_paddings=&#8221;300px 0px 0px 0px&#8221;][vc_column_text]\n<p class=\"add_border\"><img decoding=\"async\" class=\"wp-image-1864 size-full aligncenter lazyload\" src=\"data:image\/gif;base64,R0lGODlhAQABAIAAAAAAAP\/\/\/yH5BAEAAAAALAAAAAABAAEAAAIBRAA7\" data-src=\"https:\/\/www.charlybrown.it\/wp-content\/uploads\/2019\/06\/grenberger-blache-1024x718.jpg\" alt=\"\" width=\"900\" height=\"900\" \/><noscript><img decoding=\"async\" class=\"wp-image-1864 size-full aligncenter lazyload\" src=\"https:\/\/www.charlybrown.it\/wp-content\/uploads\/2019\/06\/grenberger-blache-1024x718.jpg\" alt=\"\" width=\"900\" height=\"900\" \/><\/noscript><\/p>\n[\/vc_column_text]<div class=\"cws_spacing cws_spacing_size_sm_desctop-on cws_spacing_tablet-on cws_spacing_mobile-on\"><div class=\"cws_spacing cws_spacing_default\" style=\"height:130px;\"><\/div> <div class=\"cws_spacing cws_spacing_size_sm_desctop\" style=\"height:130px;\"><\/div> <div class=\"cws_spacing cws_spacing_tablet\" style=\"height:70px;\"><\/div> <div class=\"cws_spacing cws_spacing_mobile\" style=\"height:30px;\"><\/div><\/div>[\/vc_column][\/vc_row]\n<\/section>","protected":false},"excerpt":{"rendered":"<p>[vc_row equal_height=&#8221;yes&#8221;][vc_column width=&#8221;7\/12&#8243;][\/vc_column][vc_column width=&#8221;5\/12&#8243; bg_cws_repeat=&#8221;no-repeat&#8221; bg_cws_size=&#8221;cover&#8221; bg_image_position=&#8221;center_center&#8221; cws_mobile_paddings=&#8221;300px 0px 0px 0px&#8221;][vc_column_text] [\/vc_column_text][\/vc_column][\/vc_row]<\/p>\n","protected":false},"author":1,"featured_media":0,"parent":0,"menu_order":0,"comment_status":"closed","ping_status":"closed","template":"","meta":{"_monsterinsights_skip_tracking":false,"_monsterinsights_sitenote_active":false,"_monsterinsights_sitenote_note":"","_monsterinsights_sitenote_category":0},"_links":{"self":[{"href":"https:\/\/www.charlybrown.it\/index.php?rest_route=\/wp\/v2\/pages\/2320"}],"collection":[{"href":"https:\/\/www.charlybrown.it\/index.php?rest_route=\/wp\/v2\/pages"}],"about":[{"href":"https:\/\/www.charlybrown.it\/index.php?rest_route=\/wp\/v2\/types\/page"}],"author":[{"embeddable":true,"href":"https:\/\/www.charlybrown.it\/index.php?rest_route=\/wp\/v2\/users\/1"}],"replies":[{"embeddable":true,"href":"https:\/\/www.charlybrown.it\/index.php?rest_route=%2Fwp%2Fv2%2Fcomments&post=2320"}],"version-history":[{"count":4,"href":"https:\/\/www.charlybrown.it\/index.php?rest_route=\/wp\/v2\/pages\/2320\/revisions"}],"predecessor-version":[{"id":2327,"href":"https:\/\/www.charlybrown.it\/index.php?rest_route=\/wp\/v2\/pages\/2320\/revisions\/2327"}],"wp:attachment":[{"href":"https:\/\/www.charlybrown.it\/index.php?rest_route=%2Fwp%2Fv2%2Fmedia&parent=2320"}],"curies":[{"name":"wp","href":"https:\/\/api.w.org\/{rel}","templated":true}]}}