{"id":2534,"date":"2019-09-02T19:56:06","date_gmt":"2019-09-02T19:56:06","guid":{"rendered":"https:\/\/www.charlybrown.it\/?page_id=2534"},"modified":"2019-09-02T20:14:38","modified_gmt":"2019-09-02T20:14:38","slug":"privacy-policy-2","status":"publish","type":"page","link":"https:\/\/www.charlybrown.it\/?page_id=2534","title":{"rendered":"Privacy Policy"},"content":{"rendered":"<section class=\"wpb-content-wrapper\">[vc_row][vc_column][vc_column_text]\r\n<p><strong>INFORMAZIONI SOCIETARIE<\/strong><\/p>\r\n<p>Charly Brown PUB SAS<br \/>Sede legale: via via cornio 4\/A 30030 Vigonovo (VE)<br \/>P.IVA : 03621560279<\/p>\r\n<p><strong>PRIVACY POLICY<\/strong><\/p>\r\n<p>Ai sensi dell&#8217;art. 13 del Regolamento UE 679\/2016 relativo alla protezione dei dati delle persone fisiche con riguardo al trattamento dei dati personali, nonch\u00e9 alla libera circolazione di tali dati (di seguito &#8220;GDPR&#8221;), La informiamo che il Titolare del trattamento dei dati da Lei forniti \u00e8 Charly Brown PUB S.A.S con sede in via Cornio 4\/A\u00a0 30030 Vigonovo (VE). Tel. 0499830355 P.IVA : 03621560279<\/p>\r\n<p>&nbsp;<\/p>\r\n<p><strong>INFORMATIVA AI SENSI DELL\u2019 ART. 13 DEL\u00a0 REG. UE\u00a0 679\/2016 (GDPR)<\/strong><\/p>\r\n<p>Qualora Ella, desideri : \u00a0\u00a0\u00a0\u00a0\u00a0\u00a0\u00a0\u00a0<\/p>\r\n<ol>\r\n<li><u>trichiedere supporto, informazioni, inviare segnalazioni di episodi avvenuti in punti vendita:<\/u>\u00a0<br \/>per dare seguito a tali Sue richieste, ad esempio con l&#8217;invio spontaneo di messaggi che comportano la successiva acquisizione di nome, cognome, telefono, indirizzo e-mail, data di nascita del mittente o altri dati che Ella desideri comunicarci volontariamente dovr\u00e0, tramite apposito tasto di consenso, acconsentire al trattamento dei dati conferiti.<\/li>\r\n<li><u>compilare il modulo informazioni personali all\u2019interno della Sezione \u201cLavora con Noi\u201d:<\/u>\u00a0<br \/>dovr\u00e0, tramite apposito tasto di consenso, acconsentire al trattamento dei dati conferiti per inviare Suo Curriculum Vitae, per possibile attivit\u00e0 lavorativa con Charly Brown.<\/li>\r\n<li><u>effettuare un ordine tramite Take Away:<\/u>\u00a0<br \/>dovr\u00e0, se non \u00e8 dotato di Carta fedelt\u00e0, effettuare una registrazione al fine di poter ricevere via e-mail i dati di accesso al sito per poter completare l\u2019ordine. L\u2019inserimento dei dati personali avr\u00e0 il solo scopo di permettere l\u2019emissione in automatico della fattura per l\u2019acquisto effettuato.<\/li>\r\n<\/ol>\r\n<p>I dati conferiti per le citate finalit\u00e0 verranno gestiti in modalit\u00e0 cartacea ed informatica (anche con l\u2019ausilio di strumenti automatizzati) al fine di poterLe rispondere se del caso (1), trattare i suoi dati ai fini della Sua domanda di lavoro all\u2019interno di Charly Brown caso (2), assolvere ad obblighi normativi, contabili e\/o fiscali come emettere fattura per l\u2019ordine effettuato di Take Away, caso (3).<\/p>\r\n<p>I dati saranno trattati\u00a0 da Charly Brown (qui rappresentata da \u00a0Responsabili Interni del trattamento dati, e\/o esterni come eventuali fornitori di servizi, specificatamente nominati dalla stessa) in conformit\u00e0 al Reg. UE 679\/2016, secondo normative vigenti (e quindi nel rispetto anche dei principi di correttezza, liceit\u00e0, trasparenza e tutela della riservatezza e dei diritti) e con logiche strettamente correlate alle finalit\u00e0 indicate nella presente informativa.<\/p>\r\n<p>Nel caso di Responsabili Interni:<\/p>\r\n<p>per informazioni commerciali e di marketing, richiesta di supporto, informazioni, invio di segnalazioni di cui al punto (1) \u00a0il Responsabile del trattamento \u00e8 l\u2019Ufficio Marketing, contattabile attraverso lo stesso modulo che appare sul sito .<\/p>\r\n<p>Per invio dati a scopo domanda di lavoro all\u2019interno di Charly Brown di cui al punto (2), il Responsabile del trattamento \u00e8 l\u2019Ufficio Personale, contattabile attraverso lo stesso modulo che appare sul sito.<\/p>\r\n<p>Per poter emettere fattura di cui al punto (3), il Responsabile del trattamento \u00e8 l\u2019Ufficio Amministrativo contattabile attraverso lo stesso modulo che appare sul sito.<\/p>\r\n<p>Nell\u2019ambito delle finalit\u00e0 sopra citate, i dati potranno essere comunicati da Charly Brown ad altre societ\u00e0 del Gruppo.<\/p>\r\n<p>Specifiche misure di sicurezza sono osservate per intrattenere un\u2019adeguata sicurezza, compresa la protezione mediante misure tecniche e organizzative adeguate per prevenire la perdita dei dati, usi illeciti o non corretti ed accessi non autorizzati.<\/p>\r\n<p>I dati saranno conservati presso la sede di Charly Brown e presso i Responsabili del trattamento nominati, per il tempo \u00a0necessario a fornire il servizio richiesto : nel caso (1) per un periodo di 24 mesi, nel caso (2)\u00a0 per un periodo di 12 mesi, nel caso (3) saranno conservati al fine di assolvere ad obblighi normativi, contabili e\/o fiscali, secondo la normativa vigente.<\/p>\r\n<p>Charly Brown effettuer\u00e0 sui dati le sole operazioni necessarie al perseguimento delle finalit\u00e0 indicate in codesta informativa.<\/p>\r\n<p>Ella avr\u00e0 la facolt\u00e0, gratuitamente e in qualsiasi momento, di esercitare i diritti previsti dalla normativa vigente, inviando specifica richiesta con lo stesso modulo che si trova sul sito , ivi incluso il diritto di:<\/p>\r\n<ul>\r\n<li>Aggiornare\/integrare, modificare e\/o correggere e\/o cancellare (parzialmente o totalmente) i suoi dati personali o limitarne il trattamento.<br \/>\u2022 Ricevere conferma dell\u2019esistenza, l\u2019origine e la finalit\u00e0 del trattamento dei suoi dati personali.<br \/>\u2022 Revocare il consenso in qualsiasi momento al trattamento dei propri dati, senza tuttavia pregiudicare la liceit\u00e0 del trattamento basata sul consenso prestato prima della revoca.<br \/>\u2022 Opporsi in tutto o in parte a eventuali trattamenti illegittimi dei dati.<br \/>\u2022 Proporre reclamo ad una Autorit\u00e0 di controllo.<br \/>\u2022 Ricevere copia dei dati da lei forniti e chiedere che tali dati siano trasmessi ad un altro titolare di trattamento.<\/li>\r\n<\/ul>\r\n<p><strong>Dati di contatto del Responsabile della protezione dei dati\u00a0(Data Protection Officer o \u201cDPO\u201d)<\/strong>\u00a0<br \/>Il Responsabile della protezione dei dati nominato dal Titolare del trattamento potr\u00e0 essere contattato attraverso la seguente e-mail: charlybrownpub@gmail.com<\/p>\r\n[\/vc_column_text][\/vc_column][\/vc_row]<\/section>","protected":false},"excerpt":{"rendered":"<p>[vc_row][vc_column][vc_column_text] INFORMAZIONI SOCIETARIE Charly Brown PUB SASSede legale: via via cornio 4\/A 30030 Vigonovo (VE)P.IVA : 03621560279 PRIVACY POLICY Ai sensi dell&#8217;art. 13 del Regolamento UE 679\/2016 relativo alla protezione dei dati delle persone fisiche con riguardo al trattamento dei dati personali, nonch\u00e9 alla libera circolazione di tali dati (di seguito &#8220;GDPR&#8221;), La informiamo che il Titolare del trattamento dei dati da Lei forniti \u00e8 Charly Brown PUB S.A.S con sede in via Cornio 4\/A\u00a0 30030 Vigonovo (VE). Tel. 0499830355 P.IVA : 03621560279 &nbsp; INFORMATIVA AI SENSI DELL\u2019 ART. 13 DEL\u00a0 REG. UE\u00a0 679\/2016 (GDPR) Qualora Ella, desideri : \u00a0\u00a0\u00a0\u00a0\u00a0\u00a0\u00a0\u00a0 trichiedere supporto, informazioni, inviare segnalazioni di episodi avvenuti in punti vendita:\u00a0per dare seguito a tali Sue richieste, ad esempio con l&#8217;invio spontaneo di messaggi che comportano la successiva acquisizione di nome, cognome, telefono, indirizzo e-mail, data di nascita del mittente o altri dati che Ella desideri comunicarci volontariamente dovr\u00e0, tramite apposito tasto di consenso, acconsentire al trattamento dei dati conferiti. compilare il modulo informazioni personali all\u2019interno della Sezione \u201cLavora con Noi\u201d:\u00a0dovr\u00e0, tramite apposito tasto di consenso, acconsentire al trattamento dei dati conferiti per inviare Suo Curriculum Vitae, per possibile attivit\u00e0 lavorativa con Charly Brown. effettuare un ordine tramite Take Away:\u00a0dovr\u00e0, se non \u00e8 dotato di Carta fedelt\u00e0, effettuare una registrazione al fine di poter ricevere via e-mail i dati di accesso al sito per poter completare l\u2019ordine. L\u2019inserimento dei dati personali avr\u00e0 il solo scopo di permettere l\u2019emissione in automatico della fattura per l\u2019acquisto effettuato. I dati conferiti per le citate finalit\u00e0 verranno gestiti in modalit\u00e0 cartacea ed informatica (anche con l\u2019ausilio di strumenti automatizzati) al fine di poterLe rispondere se del caso (1), trattare i suoi dati ai fini della Sua domanda di lavoro all\u2019interno di Charly Brown caso (2), assolvere ad obblighi normativi, contabili e\/o fiscali come emettere fattura per l\u2019ordine effettuato di Take Away, caso (3). I dati saranno trattati\u00a0 da Charly Brown (qui rappresentata da \u00a0Responsabili Interni del trattamento dati, e\/o esterni come eventuali fornitori di servizi, specificatamente nominati dalla stessa) in conformit\u00e0 al Reg. UE 679\/2016, secondo normative vigenti (e quindi nel rispetto anche dei principi di correttezza, liceit\u00e0, trasparenza e tutela della riservatezza e dei diritti) e con logiche strettamente correlate alle finalit\u00e0 indicate nella presente informativa. Nel caso di Responsabili Interni: per informazioni commerciali e di marketing, richiesta di supporto, informazioni, invio di segnalazioni di cui al punto (1) \u00a0il Responsabile del trattamento \u00e8 l\u2019Ufficio Marketing, contattabile attraverso lo stesso modulo che appare sul sito . Per invio dati a scopo domanda di lavoro all\u2019interno di Charly Brown di cui al punto (2), il Responsabile del trattamento \u00e8 l\u2019Ufficio Personale, contattabile attraverso lo stesso modulo che appare sul sito. Per poter emettere fattura di cui al punto (3), il Responsabile del trattamento \u00e8 l\u2019Ufficio Amministrativo contattabile attraverso lo stesso modulo che appare sul sito. Nell\u2019ambito delle finalit\u00e0 sopra citate, i dati potranno essere comunicati da Charly Brown ad altre societ\u00e0 del Gruppo. Specifiche misure di sicurezza sono osservate per intrattenere un\u2019adeguata sicurezza, compresa la protezione mediante misure tecniche e organizzative adeguate per prevenire la perdita dei dati, usi illeciti o non corretti ed accessi non autorizzati. I dati saranno conservati presso la sede di Charly Brown e presso i Responsabili del trattamento nominati, per il tempo \u00a0necessario a fornire il servizio richiesto : nel caso (1) per un periodo di 24 mesi, nel caso (2)\u00a0 per un periodo di 12 mesi, nel caso (3) saranno conservati al fine di assolvere ad obblighi normativi, contabili e\/o fiscali, secondo la normativa vigente. Charly Brown effettuer\u00e0 sui dati le sole operazioni necessarie al perseguimento delle finalit\u00e0 indicate in codesta informativa. Ella avr\u00e0 la facolt\u00e0, gratuitamente e in qualsiasi momento, di esercitare i diritti previsti dalla normativa vigente, inviando specifica richiesta con lo stesso modulo che si trova sul sito , ivi incluso il diritto di: Aggiornare\/integrare, modificare e\/o correggere e\/o cancellare (parzialmente o totalmente) i suoi dati personali o limitarne il trattamento.\u2022 Ricevere conferma dell\u2019esistenza, l\u2019origine e la finalit\u00e0 del trattamento dei suoi dati personali.\u2022 Revocare il consenso in qualsiasi momento al trattamento dei propri dati, senza tuttavia pregiudicare la liceit\u00e0 del trattamento basata sul consenso prestato prima della revoca.\u2022 Opporsi in tutto o in parte a eventuali trattamenti illegittimi dei dati.\u2022 Proporre reclamo ad una Autorit\u00e0 di controllo.\u2022 Ricevere copia dei dati da lei forniti e chiedere che tali dati siano trasmessi ad un altro titolare di trattamento. Dati di contatto del Responsabile della protezione dei dati\u00a0(Data Protection Officer o \u201cDPO\u201d)\u00a0Il Responsabile della protezione dei dati nominato dal Titolare del trattamento potr\u00e0 essere contattato attraverso la seguente e-mail: charlybrownpub@gmail.com [\/vc_column_text][\/vc_column][\/vc_row]<\/p>\n","protected":false},"author":1,"featured_media":0,"parent":0,"menu_order":0,"comment_status":"closed","ping_status":"open","template":"","meta":{"_monsterinsights_skip_tracking":false,"_monsterinsights_sitenote_active":false,"_monsterinsights_sitenote_note":"","_monsterinsights_sitenote_category":0},"_links":{"self":[{"href":"https:\/\/www.charlybrown.it\/index.php?rest_route=\/wp\/v2\/pages\/2534"}],"collection":[{"href":"https:\/\/www.charlybrown.it\/index.php?rest_route=\/wp\/v2\/pages"}],"about":[{"href":"https:\/\/www.charlybrown.it\/index.php?rest_route=\/wp\/v2\/types\/page"}],"author":[{"embeddable":true,"href":"https:\/\/www.charlybrown.it\/index.php?rest_route=\/wp\/v2\/users\/1"}],"replies":[{"embeddable":true,"href":"https:\/\/www.charlybrown.it\/index.php?rest_route=%2Fwp%2Fv2%2Fcomments&post=2534"}],"version-history":[{"count":1,"href":"https:\/\/www.charlybrown.it\/index.php?rest_route=\/wp\/v2\/pages\/2534\/revisions"}],"predecessor-version":[{"id":2535,"href":"https:\/\/www.charlybrown.it\/index.php?rest_route=\/wp\/v2\/pages\/2534\/revisions\/2535"}],"wp:attachment":[{"href":"https:\/\/www.charlybrown.it\/index.php?rest_route=%2Fwp%2Fv2%2Fmedia&parent=2534"}],"curies":[{"name":"wp","href":"https:\/\/api.w.org\/{rel}","templated":true}]}}